{"id":4718,"date":"2025-10-15T02:25:51","date_gmt":"2025-10-15T02:25:51","guid":{"rendered":"https:\/\/xiensolar.com\/?page_id=4718"},"modified":"2025-12-18T03:54:44","modified_gmt":"2025-12-18T03:54:44","slug":"sitemap","status":"publish","type":"page","link":"https:\/\/xiensolar.com\/de\/sitemap\/","title":{"rendered":"Inhaltsverzeichnis"},"content":{"rendered":"<div data-elementor-type=\"wp-page\" data-elementor-id=\"4718\" class=\"elementor elementor-4718\" data-elementor-post-type=\"page\">\n\t\t\t\t<div class=\"elementor-element elementor-element-dd2b256 e-flex e-con-boxed e-con e-parent\" data-id=\"dd2b256\" data-element_type=\"container\" data-e-type=\"container\">\n\t\t\t\t\t<div class=\"e-con-inner\">\n\t\t\t\t<div class=\"elementor-element elementor-element-71f516e elementor-widget elementor-widget-shortcode\" data-id=\"71f516e\" data-element_type=\"widget\" data-e-type=\"widget\" data-widget_type=\"shortcode.default\">\n\t\t\t\t<div class=\"elementor-widget-container\">\n\t\t\t\t\t\t\t<div class=\"elementor-shortcode\"><div class=\"rank-math-html-sitemap\"><div class=\"rank-math-html-sitemap__section rank-math-html-sitemap__section--post-type rank-math-html-sitemap__section--post\"><h2 class=\"rank-math-html-sitemap__title\">Beitr\u00e4ge<\/h2><ul class=\"rank-math-html-sitemap__list\"><li class=\"rank-math-html-sitemap__item\"><a href=\"https:\/\/xiensolar.com\/de\/news\/wall-mounted-lithium-battery-vs-rack-battery\/\" class=\"rank-math-html-sitemap__link\">Wandmontierte Lithiumbatterie vs. Gestellbatterie: Was ist besser f\u00fcr Installateure?<\/a> <span class=\"rank-math-html-sitemap__date\">(12. Januar 2026)<\/span><\/li><li class=\"rank-math-html-sitemap__item\"><a href=\"https:\/\/xiensolar.com\/de\/news\/hybrid-inverter-vs-off-grid-inverter\/\" class=\"rank-math-html-sitemap__link\">Hybrid-Wechselrichter vs. Off-Grid-Wechselrichter: Welchen brauchen Sie?<\/a> <span class=\"rank-math-html-sitemap__date\">(4. Januar 2026)<\/span><\/li><li class=\"rank-math-html-sitemap__item\"><a href=\"https:\/\/xiensolar.com\/de\/news\/ess-maintenance-training-latin-america\/\" class=\"rank-math-html-sitemap__link\">Wie man lokale Techniker f\u00fcr die Wartung von ESS in Lateinamerika ausbildet: Ein vollst\u00e4ndiger Leitfaden von Xiensolar<\/a> <span class=\"rank-math-html-sitemap__date\">(18. Dezember 2025)<\/span><\/li><li class=\"rank-math-html-sitemap__item\"><a href=\"https:\/\/xiensolar.com\/de\/news\/battery-storage-oem-latin-america\/\" class=\"rank-math-html-sitemap__link\">Batteriespeicher-Betrieb und Wartung in Lateinamerika: Best Practices<\/a> <span class=\"rank-math-html-sitemap__date\">(Dezember 13, 2025)<\/span><\/li><li class=\"rank-math-html-sitemap__item\"><a href=\"https:\/\/xiensolar.com\/de\/news\/battery-cycle-life-verification-latam\/\" class=\"rank-math-html-sitemap__link\">Die Grundlagen richtig verstehen: Was Lebensdauer und Leistung wirklich bedeuten<\/a> <span class=\"rank-math-html-sitemap__date\">(10. Dezember 2025)<\/span><\/li><li class=\"rank-math-html-sitemap__item\"><a href=\"https:\/\/xiensolar.com\/de\/news\/grid-tie-vs-hybrid-inverter-home-use\/\" class=\"rank-math-html-sitemap__link\">Netzgekoppelter Wechselrichter vs. Hybrid-Wechselrichter: Was eignet sich besser f\u00fcr den Hausgebrauch?<\/a> <span class=\"rank-math-html-sitemap__date\">(November 27, 2025)<\/span><\/li><li class=\"rank-math-html-sitemap__item\"><a href=\"https:\/\/xiensolar.com\/de\/news\/single-phase-inverters-benefits-home-solar\/\" class=\"rank-math-html-sitemap__link\">Vorteile von Einphasen-Wechselrichtern erkl\u00e4rt<\/a> <span class=\"rank-math-html-sitemap__date\">(November 11, 2025)<\/span><\/li><li class=\"rank-math-html-sitemap__item\"><a href=\"https:\/\/xiensolar.com\/de\/news\/2025-inverter-market-trends\/\" class=\"rank-math-html-sitemap__link\">Trends auf dem Wechselrichtermarkt 2025: Ein \u00dcberblick<\/a> <span class=\"rank-math-html-sitemap__date\">(November 3, 2025)<\/span><\/li><li class=\"rank-math-html-sitemap__item\"><a href=\"https:\/\/xiensolar.com\/de\/news\/power-inverter-harsh-climate-guide\/\" class=\"rank-math-html-sitemap__link\">Leitfaden zur Auswahl von Wechselrichtern f\u00fcr verschiedene Klimazonen \u2013 Tipps von Xiensolar-Experten<\/a> <span class=\"rank-math-html-sitemap__date\">(29. Oktober 2025)<\/span><\/li><li class=\"rank-math-html-sitemap__item\"><a href=\"https:\/\/xiensolar.com\/de\/news\/lithium-ion-battery-renewable-energy-storage\/\" class=\"rank-math-html-sitemap__link\">Die Rolle von Lithium-Ionen-Batterien bei der Speicherung erneuerbarer Energien: Trends und Chancen<\/a> <span class=\"rank-math-html-sitemap__date\">(23. Oktober 2025)<\/span><\/li><li class=\"rank-math-html-sitemap__item\"><a href=\"https:\/\/xiensolar.com\/de\/news\/lithium-solar-batteries-energy-storage\/\" class=\"rank-math-html-sitemap__link\">Wie Lithium-Solar-Batterien den Energiespeichermarkt revolutionieren<\/a> <span class=\"rank-math-html-sitemap__date\">(20. Oktober 2025)<\/span><\/li><li class=\"rank-math-html-sitemap__item\"><a href=\"https:\/\/xiensolar.com\/de\/news\/choose-lithium-solar-batteries-for-market-needs\/\" class=\"rank-math-html-sitemap__link\">Ein quantitativer Rahmen f\u00fcr die Auswahl von Lithium-Solarbatterien in verschiedenen Marktsegmenten<\/a> <span class=\"rank-math-html-sitemap__date\">(Oktober 17, 2025)<\/span><\/li><li class=\"rank-math-html-sitemap__item\"><a href=\"https:\/\/xiensolar.com\/de\/news\/lithium-ion-solar-battery-competitive-edge\/\" class=\"rank-math-html-sitemap__link\">Wie eine Lithium-Ionen-Solarbatterie Ihre Wettbewerbsf\u00e4higkeit auf dem Markt steigert<\/a> <span class=\"rank-math-html-sitemap__date\">(Oktober 16, 2025)<\/span><\/li><li class=\"rank-math-html-sitemap__item\"><a href=\"https:\/\/xiensolar.com\/de\/news\/how-to-source-lithium-ion-batteries\/\" class=\"rank-math-html-sitemap__link\">Wie man effektiv Lithium-Ionen-Batterien f\u00fcr Energiespeicherprojekte beschafft<\/a> <span class=\"rank-math-html-sitemap__date\">(13. Oktober 2025)<\/span><\/li><li class=\"rank-math-html-sitemap__item\"><a href=\"https:\/\/xiensolar.com\/de\/news\/custom-battery-energy-storage-system-bess\/\" class=\"rank-math-html-sitemap__link\">Ma\u00dfgeschneiderte Dienstleistungen f\u00fcr Batteriespeichersysteme: Erf\u00fcllung der unterschiedlichen Bed\u00fcrfnisse jedes Kunden<\/a> <span class=\"rank-math-html-sitemap__date\">(Oktober 11, 2025)<\/span><\/li><li class=\"rank-math-html-sitemap__item\"><a href=\"https:\/\/xiensolar.com\/de\/news\/optimize-battery-energy-storage-system-stocks\/\" class=\"rank-math-html-sitemap__link\">Anforderungen an Verpackung und Transport von Batteriespeichersystemen: Gew\u00e4hrleistung von Sicherheit und Effizienz<\/a> <span class=\"rank-math-html-sitemap__date\">(Oktober 10, 2025)<\/span><\/li><li class=\"rank-math-html-sitemap__item\"><a href=\"https:\/\/xiensolar.com\/de\/news\/choose-right-energy-storage-battery-types\/\" class=\"rank-math-html-sitemap__link\">Wie man die richtige Energiespeicherbatterie ausw\u00e4hlt: Lithium vs. Natrium vs. Solid-State<\/a> <span class=\"rank-math-html-sitemap__date\">(9. Oktober 2025)<\/span><\/li><li class=\"rank-math-html-sitemap__item\"><a href=\"https:\/\/xiensolar.com\/de\/news\/bess-multi-supplier-strategy-guide\/\" class=\"rank-math-html-sitemap__link\">Ein Whitepaper f\u00fcr Praktiker: Die BESS-Mehrlieferantenstrategie als Kerndisziplin f\u00fcr den Wettbewerb<\/a> <span class=\"rank-math-html-sitemap__date\">(September 29, 2025)<\/span><\/li><li class=\"rank-math-html-sitemap__item\"><a href=\"https:\/\/xiensolar.com\/de\/news\/energy-storage-batteries-asia-pacific-market\/\" class=\"rank-math-html-sitemap__link\">Marktaussichten f\u00fcr Energiespeicherbatterien in der asiatisch-pazifischen Region: Wachstumstrends und Investitionsm\u00f6glichkeiten<\/a> <span class=\"rank-math-html-sitemap__date\">(27. September 2025)<\/span><\/li><li class=\"rank-math-html-sitemap__item\"><a href=\"https:\/\/xiensolar.com\/de\/news\/energy-storage-battery-procurement-optmization\/\" class=\"rank-math-html-sitemap__link\">Wie man die Beschaffung und das Bestandsmanagement f\u00fcr Energiespeicher-Batterieprojekte optimiert<\/a> <span class=\"rank-math-html-sitemap__date\">(September 26, 2025)<\/span><\/li><li class=\"rank-math-html-sitemap__item\"><a href=\"https:\/\/xiensolar.com\/de\/news\/energy-storage-battery-supply-chain-risk\/\" class=\"rank-math-html-sitemap__link\">Wie man das Risiko in der Lieferkette von Energiespeicherbatterien minimiert<\/a> <span class=\"rank-math-html-sitemap__date\">(25. September 2025)<\/span><\/li><li class=\"rank-math-html-sitemap__item\"><a href=\"https:\/\/xiensolar.com\/de\/news\/latin-america-energy-storage-battery-demand\/\" class=\"rank-math-html-sitemap__link\">Die aufstrebenden M\u00e4rkte Lateinamerikas: Eine Analyse der Nachfrage nach Energiespeicherbatterien, Wachstumstreiber und Marktpotenzial<\/a> <span class=\"rank-math-html-sitemap__date\">(September 23, 2025)<\/span><\/li><li class=\"rank-math-html-sitemap__item\"><a href=\"https:\/\/xiensolar.com\/de\/news\/energy-storage-market-demand-distribution\/\" class=\"rank-math-html-sitemap__link\">Die geografische Verteilung der Energiespeichermarktnachfrage verstehen<\/a> <span class=\"rank-math-html-sitemap__date\">(September 22, 2025)<\/span><\/li><li class=\"rank-math-html-sitemap__item\"><a href=\"https:\/\/xiensolar.com\/de\/news\/lfp-energy-storage-procurement-guide\/\" class=\"rank-math-html-sitemap__link\">Der ultimative Beschaffungsleitfaden f\u00fcr Gro\u00dfkraftwerke: Warum LFP-Energiespeicher die endg\u00fcltige Wahl sind<\/a> <span class=\"rank-math-html-sitemap__date\">(19. September 2025)<\/span><\/li><li class=\"rank-math-html-sitemap__item\"><a href=\"https:\/\/xiensolar.com\/de\/news\/energy-storage-battery-procurement-tco\/\" class=\"rank-math-html-sitemap__link\">2025 Leitfaden f\u00fcr die Beschaffung von Energiespeicherbatterien: Wie man die Gesamtbetriebskosten (TCO) von BESS-Projekten effektiv senken kann<\/a> <span class=\"rank-math-html-sitemap__date\">(19. September 2025)<\/span><\/li><li class=\"rank-math-html-sitemap__item\"><a href=\"https:\/\/xiensolar.com\/de\/news\/energy-storage-battery-supply-chain-management\/\" class=\"rank-math-html-sitemap__link\">Ein definitiver Leitfaden f\u00fcr die Strategie der sekund\u00e4ren Lieferkette und das Bestandsmanagement von Energiespeicherbatterien<\/a> <span class=\"rank-math-html-sitemap__date\">(19. September 2025)<\/span><\/li><li class=\"rank-math-html-sitemap__item\"><a href=\"https:\/\/xiensolar.com\/de\/news\/energy-storage-system-price-logistics-tariffs\/\" class=\"rank-math-html-sitemap__link\">Der Einfluss von globalen Logistikkosten und Tarifen auf den Preis von Energiespeichersystemen<\/a> <span class=\"rank-math-html-sitemap__date\">(19. September 2025)<\/span><\/li><li class=\"rank-math-html-sitemap__item\"><a href=\"https:\/\/xiensolar.com\/de\/news\/global-lithium-price-trend\/\" class=\"rank-math-html-sitemap__link\">Globaler Lithium-Batterie-Rohstoffpreis-Trend und Zukunftsausblick<\/a> <span class=\"rank-math-html-sitemap__date\">(19. September 2025)<\/span><\/li><li class=\"rank-math-html-sitemap__item\"><a href=\"https:\/\/xiensolar.com\/de\/news\/africa-home-energy-storage-battery-market\/\" class=\"rank-math-html-sitemap__link\">Expertenleitfaden: Nachfrage nach Energiespeicherbatterien f\u00fcr den Hausgebrauch in Afrika<\/a> <span class=\"rank-math-html-sitemap__date\">(September 17, 2025)<\/span><\/li><li class=\"rank-math-html-sitemap__item\"><a href=\"https:\/\/xiensolar.com\/de\/news\/baterias-de-energia-para-hogar-sudamerica\/\" class=\"rank-math-html-sitemap__link\">Excelente An\u00e1lisis de la Demanda del Mercado de Bater\u00edas de Almacenamiento de Energ\u00eda para el Hogar en Sudam\u00e9rica<\/a> <span class=\"rank-math-html-sitemap__date\">(September 16, 2025)<\/span><\/li><li class=\"rank-math-html-sitemap__item\"><a href=\"https:\/\/xiensolar.com\/de\/news\/ultimate-guide-selling-lpf-batteries\/\" class=\"rank-math-html-sitemap__link\">Der ultimative Verkaufsleitfaden f\u00fcr LFP-Batterien: Vier Kernherausforderungen in Ihre gr\u00f6\u00dften St\u00e4rken verwandeln<\/a> <span class=\"rank-math-html-sitemap__date\">(September 15, 2025)<\/span><\/li><li class=\"rank-math-html-sitemap__item\"><a href=\"https:\/\/xiensolar.com\/de\/news\/lfp-battery-wholesale-supplier\/\" class=\"rank-math-html-sitemap__link\">Wie man den richtigen LFP-Batterie-Gro\u00dfhandelslieferanten pr\u00fcft und mit ihm zusammenarbeitet, um maximalen Gewinn zu erzielen<\/a> <span class=\"rank-math-html-sitemap__date\">(September 15, 2025)<\/span><\/li><li class=\"rank-math-html-sitemap__item\"><a href=\"https:\/\/xiensolar.com\/de\/news\/solar-battery-wholesale-supplier\/\" class=\"rank-math-html-sitemap__link\">Wie Sie einen Solarbatterie-Gro\u00dfhandelslieferanten \u00fcberpr\u00fcfen und Ihren langfristigen Erfolg sichern<\/a> <span class=\"rank-math-html-sitemap__date\">(September 15, 2025)<\/span><\/li><li class=\"rank-math-html-sitemap__item\"><a href=\"https:\/\/xiensolar.com\/de\/news\/tariffs-on-chinese-energy-batteries\/\" class=\"rank-math-html-sitemap__link\">2025 Globale Z\u00f6lle auf Chinas Energiespeicherbatterien: Ein vollst\u00e4ndiger Leitfaden zu Politik, Berechnungen und Marktauswirkungen<\/a> <span class=\"rank-math-html-sitemap__date\">(September 12, 2025)<\/span><\/li><li class=\"rank-math-html-sitemap__item\"><a href=\"https:\/\/xiensolar.com\/de\/news\/energy-storage-systems-solar-inverters-guide\/\" class=\"rank-math-html-sitemap__link\">Energiespeichersysteme und Solar-Wechselrichter: Umfassender Leitfaden f\u00fcr Gro\u00dfh\u00e4ndler und Distributoren<\/a> <span class=\"rank-math-html-sitemap__date\">(September 12, 2025)<\/span><\/li><li class=\"rank-math-html-sitemap__item\"><a href=\"https:\/\/xiensolar.com\/de\/news\/solar-battery-for-unstable-grid\/\" class=\"rank-math-html-sitemap__link\">Der definitive Leitfaden des H\u00e4ndlers f\u00fcr die Beschaffung einer Solarbatterie f\u00fcr instabile Netzregionen<\/a> <span class=\"rank-math-html-sitemap__date\">(10. September 2025)<\/span><\/li><li class=\"rank-math-html-sitemap__item\"><a href=\"https:\/\/xiensolar.com\/de\/news\/high-voltage-commercial-battery-storage\/\" class=\"rank-math-html-sitemap__link\">Jenseits des Datenblatts: Der technische Leitfaden des besseren H\u00e4ndlers f\u00fcr kommerzielle Hochspannungsbatteriespeicher<\/a> <span class=\"rank-math-html-sitemap__date\">(September 9, 2025)<\/span><\/li><li class=\"rank-math-html-sitemap__item\"><a href=\"https:\/\/xiensolar.com\/de\/news\/best-solar-inverter-supplier-guide\/\" class=\"rank-math-html-sitemap__link\">Ihr guter Ruf steht auf dem Spiel: Der ultimative Leitfaden zur \u00dcberpr\u00fcfung eines Solarwechselrichter-Lieferanten<\/a> <span class=\"rank-math-html-sitemap__date\">(September 4, 2025)<\/span><\/li><li class=\"rank-math-html-sitemap__item\"><a href=\"https:\/\/xiensolar.com\/de\/news\/how-a-solar-inverter-works-the-2025-definitive-guide\/\" class=\"rank-math-html-sitemap__link\">Wie ein Solar-Wechselrichter funktioniert: Der definitive Leitfaden f\u00fcr das Gehirn Ihrer Solaranlage (2025)<\/a> <span class=\"rank-math-html-sitemap__date\">(September 3, 2025)<\/span><\/li><li class=\"rank-math-html-sitemap__item\"><a href=\"https:\/\/xiensolar.com\/de\/news\/ultimate-guide-to-solar-batteries2025-cost-tips\/\" class=\"rank-math-html-sitemap__link\">Ultimativer Leitfaden f\u00fcr Solarbatterien (2025 Kosten &amp; Tipps)<\/a> <span class=\"rank-math-html-sitemap__date\">(August 19, 2025)<\/span><\/li><li class=\"rank-math-html-sitemap__item\"><a href=\"https:\/\/xiensolar.com\/de\/news\/blackout-proof-your-home-a-guide-to-residential-battery-backup-systems\/\" class=\"rank-math-html-sitemap__link\">Sichern Sie Ihr Haus gegen Stromausfall: Ein Leitfaden f\u00fcr Batterie-Backup-Systeme f\u00fcr Privathaushalte<\/a> <span class=\"rank-math-html-sitemap__date\">(August 15, 2025)<\/span><\/li><li class=\"rank-math-html-sitemap__item\"><a href=\"https:\/\/xiensolar.com\/de\/news\/solar-battery-storage-your-guide-to-solar-power-24-7\/\" class=\"rank-math-html-sitemap__link\">Solar-Batteriespeicher: Ihr Leitfaden f\u00fcr Solarstrom 24\/7<\/a> <span class=\"rank-math-html-sitemap__date\">(August 14, 2025)<\/span><\/li><\/ul><\/div><div class=\"rank-math-html-sitemap__section rank-math-html-sitemap__section--post-type rank-math-html-sitemap__section--page\"><h2 class=\"rank-math-html-sitemap__title\">Seiten<\/h2><ul class=\"rank-math-html-sitemap__list\"><li class=\"rank-math-html-sitemap__item\"><a href=\"https:\/\/xiensolar.com\/de\/terms-conditions\/\" class=\"rank-math-html-sitemap__link\">Allgemeine Gesch\u00e4ftsbedingungen<\/a> <span class=\"rank-math-html-sitemap__date\">(20. Oktober 2025)<\/span><\/li><li class=\"rank-math-html-sitemap__item\"><a href=\"https:\/\/xiensolar.com\/de\/sitemap\/\" class=\"rank-math-html-sitemap__link\">Inhaltsverzeichnis<\/a> <span class=\"rank-math-html-sitemap__date\">(15. Oktober 2025)<\/span><\/li><li class=\"rank-math-html-sitemap__item\"><a href=\"https:\/\/xiensolar.com\/de\/request-quote\/\" class=\"rank-math-html-sitemap__link\">Angebot anfordern<\/a> <span class=\"rank-math-html-sitemap__date\">(August 19, 2025)<\/span><\/li><li class=\"rank-math-html-sitemap__item\"><a href=\"https:\/\/xiensolar.com\/de\/contact-us\/\" class=\"rank-math-html-sitemap__link\">Kontakt<\/a> <span class=\"rank-math-html-sitemap__date\">(Juli 23, 2025)<\/span><\/li><li class=\"rank-math-html-sitemap__item\"><a href=\"https:\/\/xiensolar.com\/de\/faq\/\" class=\"rank-math-html-sitemap__link\">FAQ<\/a> <span class=\"rank-math-html-sitemap__date\">(Juli 23, 2025)<\/span><\/li><li class=\"rank-math-html-sitemap__item\"><a href=\"https:\/\/xiensolar.com\/de\/products\/\" class=\"rank-math-html-sitemap__link\">Produkte<\/a> <span class=\"rank-math-html-sitemap__date\">(Juli 22, 2025)<\/span><\/li><li class=\"rank-math-html-sitemap__item\"><a href=\"https:\/\/xiensolar.com\/de\/about-us\/\" class=\"rank-math-html-sitemap__link\">\u00dcber uns<\/a> <span class=\"rank-math-html-sitemap__date\">(Juli 22, 2025)<\/span><\/li><li class=\"rank-math-html-sitemap__item\"><a href=\"https:\/\/xiensolar.com\/de\/\" class=\"rank-math-html-sitemap__link\">Startseite<\/a> <span class=\"rank-math-html-sitemap__date\">(Juli 21, 2025)<\/span><\/li><li class=\"rank-math-html-sitemap__item\"><a href=\"https:\/\/xiensolar.com\/de\/privacy-policy\/\" class=\"rank-math-html-sitemap__link\">Datenschutzbestimmungen<\/a> <span class=\"rank-math-html-sitemap__date\">(Juli 21, 2025)<\/span><\/li><\/ul><\/div><div class=\"rank-math-html-sitemap__section rank-math-html-sitemap__section--post-type rank-math-html-sitemap__section--product\"><h2 class=\"rank-math-html-sitemap__title\">Produkte<\/h2><ul class=\"rank-math-html-sitemap__list\"><li class=\"rank-math-html-sitemap__item\"><a href=\"https:\/\/xiensolar.com\/de\/product\/products\/three-phase-hybrid-inverter\/\" class=\"rank-math-html-sitemap__link\">Xiensolar 8-25kW Dreiphasen-Hybrid-Wechselrichter<\/a> <span class=\"rank-math-html-sitemap__date\">(November 21, 2025)<\/span><\/li><li class=\"rank-math-html-sitemap__item\"><a href=\"https:\/\/xiensolar.com\/de\/product\/products\/48v-hybrid-inverter-ups-5-8kw\/\" class=\"rank-math-html-sitemap__link\">Xiensolar 8kW 48V Hybrid-Wechselrichter UPS | IP66 Nennleistung<\/a> <span class=\"rank-math-html-sitemap__date\">(20. November 2025)<\/span><\/li><li class=\"rank-math-html-sitemap__item\"><a href=\"https:\/\/xiensolar.com\/de\/product\/products\/solar-panel-inverter-hybrid\/\" class=\"rank-math-html-sitemap__link\">Xiensolar Hybrid-Solarmodul-Wechselrichter (5-8kW) | IP66<\/a> <span class=\"rank-math-html-sitemap__date\">(November 18, 2025)<\/span><\/li><li class=\"rank-math-html-sitemap__item\"><a href=\"https:\/\/xiensolar.com\/de\/product\/products\/6kw-hybrid-solar-inverter-48v\/\" class=\"rank-math-html-sitemap__link\">Xiensolar 6kW Hybrid-Solar-Wechselrichter | 48V ESS-L\u00f6sung f\u00fcr Wohngeb\u00e4ude<\/a> <span class=\"rank-math-html-sitemap__date\">(November 15, 2025)<\/span><\/li><li class=\"rank-math-html-sitemap__item\"><a href=\"https:\/\/xiensolar.com\/de\/product\/energy-storage-battery\/commercial-energy-storage-system\/\" class=\"rank-math-html-sitemap__link\">Kommerzielles Energiespeichersystem All-in-One<\/a> <span class=\"rank-math-html-sitemap__date\">(September 24, 2025)<\/span><\/li><li class=\"rank-math-html-sitemap__item\"><a href=\"https:\/\/xiensolar.com\/de\/product\/solar-invberters\/xe-d120-hybrid-inverter\/\" class=\"rank-math-html-sitemap__link\">6,2 kW Hybrid-Solarwechselrichter mit geteilter Phase<\/a> <span class=\"rank-math-html-sitemap__date\">(September 11, 2025)<\/span><\/li><li class=\"rank-math-html-sitemap__item\"><a href=\"https:\/\/xiensolar.com\/de\/product\/energy-storage-battery\/xiensolar-lfp-rack-mounted-solar-battery\/\" class=\"rank-math-html-sitemap__link\">LFP Rack-Mounted Energiespeicher Batterie<\/a> <span class=\"rank-math-html-sitemap__date\">(August 8, 2025)<\/span><\/li><\/ul><\/div><div class=\"rank-math-html-sitemap__section rank-math-html-sitemap__section--taxonomy rank-math-html-sitemap__section--category\"><h2 class=\"rank-math-html-sitemap__title\">Kategorien<\/h2><ul class=\"rank-math-html-sitemap__list\"><li class=\"rank-math-html-sitemap__item\"><a href=\"https:\/\/xiensolar.com\/de\/kategorie\/nachrichten\/\" class=\"rank-math-html-sitemap__link\">Nachrichten<\/a><\/li><\/ul><\/div><div class=\"rank-math-html-sitemap__section rank-math-html-sitemap__section--authors\"><h2 class=\"rank-math-html-sitemap__title\">Autoren<\/h2><ul class=\"rank-math-html-sitemap__list\"><li class=\"rank-math-html-sitemap__item\"><a href=\"https:\/\/xiensolar.com\/de\/author\/jeffzhu23gmail-com\/\" class=\"rank-math-html-sitemap__link\">jeffzhu23@gmail.com<\/a><\/li><\/ul><\/div><\/div><\/div>\n\t\t\t\t\t\t<\/div>\n\t\t\t\t<\/div>\n\t\t\t\t\t<\/div>\n\t\t\t\t<\/div>\n\t\t\t\t<\/div>","protected":false},"excerpt":{"rendered":"","protected":false},"author":1,"featured_media":0,"parent":0,"menu_order":0,"comment_status":"closed","ping_status":"closed","template":"","meta":{"_eb_attr":"","_kad_post_transparent":"","_kad_post_title":"hide","_kad_post_layout":"fullwidth","_kad_post_sidebar_id":"","_kad_post_content_style":"unboxed","_kad_post_vertical_padding":"hide","_kad_post_feature":"hide","_kad_post_feature_position":"","_kad_post_header":false,"_kad_post_footer":false,"_kad_post_classname":"","footnotes":""},"class_list":["post-4718","page","type-page","status-publish","hentry"],"_links":{"self":[{"href":"https:\/\/xiensolar.com\/de\/wp-json\/wp\/v2\/pages\/4718","targetHints":{"allow":["GET"]}}],"collection":[{"href":"https:\/\/xiensolar.com\/de\/wp-json\/wp\/v2\/pages"}],"about":[{"href":"https:\/\/xiensolar.com\/de\/wp-json\/wp\/v2\/types\/page"}],"author":[{"embeddable":true,"href":"https:\/\/xiensolar.com\/de\/wp-json\/wp\/v2\/users\/1"}],"replies":[{"embeddable":true,"href":"https:\/\/xiensolar.com\/de\/wp-json\/wp\/v2\/comments?post=4718"}],"version-history":[{"count":7,"href":"https:\/\/xiensolar.com\/de\/wp-json\/wp\/v2\/pages\/4718\/revisions"}],"predecessor-version":[{"id":5186,"href":"https:\/\/xiensolar.com\/de\/wp-json\/wp\/v2\/pages\/4718\/revisions\/5186"}],"wp:attachment":[{"href":"https:\/\/xiensolar.com\/de\/wp-json\/wp\/v2\/media?parent=4718"}],"curies":[{"name":"wp","href":"https:\/\/api.w.org\/{rel}","templated":true}]}}